{"id":5388,"date":"2025-05-03T16:44:59","date_gmt":"2025-05-03T15:44:59","guid":{"rendered":"https:\/\/freerent.pt\/?page_id=5388"},"modified":"2025-05-03T23:30:45","modified_gmt":"2025-05-03T22:30:45","slug":"resolucao-de-litigios","status":"publish","type":"page","link":"https:\/\/freerent.pt\/fr\/resolucao-de-litigios\/","title":{"rendered":"R\u00e9solution des litiges"},"content":{"rendered":"<div data-elementor-type=\"wp-page\" data-elementor-id=\"5388\" class=\"elementor elementor-5388\" data-elementor-post-type=\"page\">\n\t\t\t\t\t\t<section class=\"elementor-section elementor-top-section elementor-element elementor-element-62186134 elementor-section-boxed elementor-section-height-default elementor-section-height-default\" data-id=\"62186134\" data-element_type=\"section\">\n\t\t\t\t\t\t<div class=\"elementor-container elementor-column-gap-default\">\n\t\t\t\t\t<div class=\"elementor-column elementor-col-100 elementor-top-column elementor-element elementor-element-5b7fb804\" data-id=\"5b7fb804\" data-element_type=\"column\">\n\t\t\t<div class=\"elementor-widget-wrap elementor-element-populated\">\n\t\t\t\t\t\t<div class=\"elementor-element elementor-element-e7d6604 elementor-widget elementor-widget-text-editor\" data-id=\"e7d6604\" data-element_type=\"widget\" data-widget_type=\"text-editor.default\">\n\t\t\t\t<div class=\"elementor-widget-container\">\n\t\t\t\t\t\t\t\t\t<p>Ao abrigo do art.\u00ba 18.\u00ba da Lei n.\u00ba 144\/2015, de 8 de setembro, a Freerent informa os consumidores sobre os mecanismos de resolu\u00e7\u00e3o alternativa de lit\u00edgios (RAL) aplic\u00e1veis aos contratos de aluguer de autom\u00f3veis. A RAL \u00e9 um meio extrajudicial para resolver conflitos de consumo, sendo normalmente mais r\u00e1pida, mais simples e menos dispendiosa do que os processos judiciais. Entre os m\u00e9todos RAL contam a media\u00e7\u00e3o, a concilia\u00e7\u00e3o e a arbitragem. Se preferir n\u00e3o recorrer de imediato aos tribunais, o consumidor pode submeter a sua reclama\u00e7\u00e3o a uma entidade de RAL \u2013 isto evita os custos de um processo judicial e facilita a solu\u00e7\u00e3o do lit\u00edgio.<\/p>\t\t\t\t\t\t\t\t<\/div>\n\t\t\t\t<\/div>\n\t\t\t\t<div class=\"elementor-element elementor-element-acac37b elementor-widget elementor-widget-accordion\" data-id=\"acac37b\" data-element_type=\"widget\" data-widget_type=\"accordion.default\">\n\t\t\t\t<div class=\"elementor-widget-container\">\n\t\t\t\t\t\t\t<div class=\"elementor-accordion\">\n\t\t\t\t\t\t\t<div class=\"elementor-accordion-item\">\n\t\t\t\t\t<div id=\"elementor-tab-title-1811\" class=\"elementor-tab-title\" data-tab=\"1\" role=\"button\" aria-controls=\"elementor-tab-content-1811\" aria-expanded=\"false\">\n\t\t\t\t\t\t\t\t\t\t\t\t\t<span class=\"elementor-accordion-icon elementor-accordion-icon-left\" aria-hidden=\"true\">\n\t\t\t\t\t\t\t\t\t\t\t\t\t\t\t<span class=\"elementor-accordion-icon-closed\"><svg class=\"e-font-icon-svg e-fas-plus\" viewbox=\"0 0 448 512\" xmlns=\"http:\/\/www.w3.org\/2000\/svg\"><path d=\"M416 208H272V64c0-17.67-14.33-32-32-32h-32c-17.67 0-32 14.33-32 32v144H32c-17.67 0-32 14.33-32 32v32c0 17.67 14.33 32 32 32h144v144c0 17.67 14.33 32 32 32h32c17.67 0 32-14.33 32-32V304h144c17.67 0 32-14.33 32-32v-32c0-17.67-14.33-32-32-32z\"><\/path><\/svg><\/span>\n\t\t\t\t\t\t\t\t<span class=\"elementor-accordion-icon-opened\"><svg class=\"e-font-icon-svg e-fas-minus\" viewbox=\"0 0 448 512\" xmlns=\"http:\/\/www.w3.org\/2000\/svg\"><path d=\"M416 208H32c-17.67 0-32 14.33-32 32v32c0 17.67 14.33 32 32 32h384c17.67 0 32-14.33 32-32v-32c0-17.67-14.33-32-32-32z\"><\/path><\/svg><\/span>\n\t\t\t\t\t\t\t\t\t\t\t\t\t\t<\/span>\n\t\t\t\t\t\t\t\t\t\t\t\t<a class=\"elementor-accordion-title\" tabindex=\"0\">Entidades de Resolu\u00e7\u00e3o de Lit\u00edgios<\/a>\n\t\t\t\t\t<\/div>\n\t\t\t\t\t<div id=\"elementor-tab-content-1811\" class=\"elementor-tab-content elementor-clearfix\" data-tab=\"1\" role=\"region\" aria-labelledby=\"elementor-tab-title-1811\"><p class=\"\" data-start=\"893\" data-end=\"1040\">Para conflitos de consumo no setor autom\u00f3vel (incluindo aluguer de ve\u00edculos), os consumidores podem recorrer \u00e0s seguintes entidades especializadas:<\/p><ul data-start=\"1042\" data-end=\"1965\"><li class=\"\" data-start=\"1042\" data-end=\"1448\"><p class=\"\" data-start=\"1044\" data-end=\"1448\"><strong data-start=\"1044\" data-end=\"1109\">Centro de Informa\u00e7\u00e3o de Consumo e Arbitragem do Porto (CICAP)<\/strong> \u2013 com compet\u00eancia em toda a \u00e1rea metropolitana do Porto (incluindo Vila Nova de Gaia). Disponibiliza procedimentos de media\u00e7\u00e3o, concilia\u00e7\u00e3o e arbitragem. <em data-start=\"1301\" data-end=\"1313\">Contactos:<\/em> Rua Dami\u00e3o de G\u00f3is, 31, Porto; Tel. +351 22 550 83 49 \/ +351 22 502 97 91; Email <span data-start=\"1395\" data-end=\"1409\">cicap@cicap.pt<\/span>; Site: <span data-start=\"1417\" data-end=\"1445\">cicap.pt<\/span>.<\/p><\/li><li class=\"\" data-start=\"1449\" data-end=\"1965\"><p class=\"\" data-start=\"1451\" data-end=\"1965\"><strong data-start=\"1451\" data-end=\"1501\">Centro de Arbitragem do Setor Autom\u00f3vel (CASA)<\/strong> \u2013 entidade autorizada para lit\u00edgios relacionados com a aquisi\u00e7\u00e3o, utiliza\u00e7\u00e3o, assist\u00eancia e manuten\u00e7\u00e3o de ve\u00edculos autom\u00f3veis. Abrange todo o territ\u00f3rio nacional e trata de quest\u00f5es ligadas ao setor autom\u00f3vel. <em data-start=\"1749\" data-end=\"1761\">Contactos:<\/em> Tel. +351 217 827 330 \/ +351 217 951 696; Email <span data-start=\"1810\" data-end=\"1844\">info@centroarbitragemsectorauto.pt<\/span>; Site: <span data-start=\"1852\" data-end=\"1925\">centroarbitragemsectorauto.pt<\/span>.<\/p><\/li><\/ul><p class=\"\" data-start=\"1967\" data-end=\"2766\">Estes centros t\u00eam procedimento simples e s\u00e3o independentes, contando com pessoal especializado para facilitar a solu\u00e7\u00e3o amig\u00e1vel do lit\u00edgio. A ades\u00e3o a centros de arbitragem \u00e9, em regra, volunt\u00e1ria. A Freerent esclarece que aderiu voluntariamente ao CICAP e ao CASA para promover a resolu\u00e7\u00e3o r\u00e1pida de eventuais conflitos de consumo. No entanto, o consumidor mant\u00e9m sempre o direito de optar pela via judicial caso prefira ou se n\u00e3o for alcan\u00e7ado acordo amig\u00e1vel. Em qualquer caso, a utiliza\u00e7\u00e3o da RAL <strong data-start=\"2543\" data-end=\"2560\">n\u00e3o substitui<\/strong> o recurso aos tribunais judiciais competentes, podendo o consumidor recorrer ao tribunal em qualquer momento, se assim desejar.<\/p><\/div>\n\t\t\t\t<\/div>\n\t\t\t\t\t\t\t<div class=\"elementor-accordion-item\">\n\t\t\t\t\t<div id=\"elementor-tab-title-1812\" class=\"elementor-tab-title\" data-tab=\"2\" role=\"button\" aria-controls=\"elementor-tab-content-1812\" aria-expanded=\"false\">\n\t\t\t\t\t\t\t\t\t\t\t\t\t<span class=\"elementor-accordion-icon elementor-accordion-icon-left\" aria-hidden=\"true\">\n\t\t\t\t\t\t\t\t\t\t\t\t\t\t\t<span class=\"elementor-accordion-icon-closed\"><svg class=\"e-font-icon-svg e-fas-plus\" viewbox=\"0 0 448 512\" xmlns=\"http:\/\/www.w3.org\/2000\/svg\"><path d=\"M416 208H272V64c0-17.67-14.33-32-32-32h-32c-17.67 0-32 14.33-32 32v144H32c-17.67 0-32 14.33-32 32v32c0 17.67 14.33 32 32 32h144v144c0 17.67 14.33 32 32 32h32c17.67 0 32-14.33 32-32V304h144c17.67 0 32-14.33 32-32v-32c0-17.67-14.33-32-32-32z\"><\/path><\/svg><\/span>\n\t\t\t\t\t\t\t\t<span class=\"elementor-accordion-icon-opened\"><svg class=\"e-font-icon-svg e-fas-minus\" viewbox=\"0 0 448 512\" xmlns=\"http:\/\/www.w3.org\/2000\/svg\"><path d=\"M416 208H32c-17.67 0-32 14.33-32 32v32c0 17.67 14.33 32 32 32h384c17.67 0 32-14.33 32-32v-32c0-17.67-14.33-32-32-32z\"><\/path><\/svg><\/span>\n\t\t\t\t\t\t\t\t\t\t\t\t\t\t<\/span>\n\t\t\t\t\t\t\t\t\t\t\t\t<a class=\"elementor-accordion-title\" tabindex=\"0\">Plataforma de Resolu\u00e7\u00e3o de Lit\u00edgios em Linha (ODR)<\/a>\n\t\t\t\t\t<\/div>\n\t\t\t\t\t<div id=\"elementor-tab-content-1812\" class=\"elementor-tab-content elementor-clearfix\" data-tab=\"2\" role=\"region\" aria-labelledby=\"elementor-tab-title-1812\"><p>A Freerent disponibiliza tamb\u00e9m, em cumprimento do Regulamento (UE) n.\u00ba 524\/2013, um link para a Plataforma Europeia de Resolu\u00e7\u00e3o de Lit\u00edgios em Linha (ODR). Esta plataforma online (odr.europa.eu) destina-se a facilitar a resolu\u00e7\u00e3o de lit\u00edgios que decorram de compras ou contratos celebrados pela internet. O comerciante estabelecido na UE deve informar os consumidores da exist\u00eancia desta plataforma e disponibilizar um link direto para a mesma. Os consumidores podem apresentar reclama\u00e7\u00f5es atrav\u00e9s da ODR, que encaminha o caso para a entidade de RAL apropriada.<\/p><\/div>\n\t\t\t\t<\/div>\n\t\t\t\t\t\t\t<div class=\"elementor-accordion-item\">\n\t\t\t\t\t<div id=\"elementor-tab-title-1813\" class=\"elementor-tab-title\" data-tab=\"3\" role=\"button\" aria-controls=\"elementor-tab-content-1813\" aria-expanded=\"false\">\n\t\t\t\t\t\t\t\t\t\t\t\t\t<span class=\"elementor-accordion-icon elementor-accordion-icon-left\" aria-hidden=\"true\">\n\t\t\t\t\t\t\t\t\t\t\t\t\t\t\t<span class=\"elementor-accordion-icon-closed\"><svg class=\"e-font-icon-svg e-fas-plus\" viewbox=\"0 0 448 512\" xmlns=\"http:\/\/www.w3.org\/2000\/svg\"><path d=\"M416 208H272V64c0-17.67-14.33-32-32-32h-32c-17.67 0-32 14.33-32 32v144H32c-17.67 0-32 14.33-32 32v32c0 17.67 14.33 32 32 32h144v144c0 17.67 14.33 32 32 32h32c17.67 0 32-14.33 32-32V304h144c17.67 0 32-14.33 32-32v-32c0-17.67-14.33-32-32-32z\"><\/path><\/svg><\/span>\n\t\t\t\t\t\t\t\t<span class=\"elementor-accordion-icon-opened\"><svg class=\"e-font-icon-svg e-fas-minus\" viewbox=\"0 0 448 512\" xmlns=\"http:\/\/www.w3.org\/2000\/svg\"><path d=\"M416 208H32c-17.67 0-32 14.33-32 32v32c0 17.67 14.33 32 32 32h384c17.67 0 32-14.33 32-32v-32c0-17.67-14.33-32-32-32z\"><\/path><\/svg><\/span>\n\t\t\t\t\t\t\t\t\t\t\t\t\t\t<\/span>\n\t\t\t\t\t\t\t\t\t\t\t\t<a class=\"elementor-accordion-title\" tabindex=\"0\">Contactos e Recursos \u00dateis<\/a>\n\t\t\t\t\t<\/div>\n\t\t\t\t\t<div id=\"elementor-tab-content-1813\" class=\"elementor-tab-content elementor-clearfix\" data-tab=\"3\" role=\"region\" aria-labelledby=\"elementor-tab-title-1813\"><ul data-start=\"3497\" data-end=\"4496\"><li class=\"\" data-start=\"3497\" data-end=\"3702\"><p class=\"\" data-start=\"3499\" data-end=\"3702\"><strong data-start=\"3499\" data-end=\"3524\">Portal do Consumidor:<\/strong> <span data-start=\"3525\" data-end=\"3571\">www.consumidor.pt<\/span> \u2013 Portal oficial com informa\u00e7\u00e3o sobre direitos dos consumidores e lista de entidades RAL<\/p><\/li><li class=\"\" data-start=\"3703\" data-end=\"3902\"><p class=\"\" data-start=\"3705\" data-end=\"3902\"><strong data-start=\"3705\" data-end=\"3736\">Plataforma RLL (ODR) da UE:<\/strong> <span data-start=\"3737\" data-end=\"3801\">ec.europa.eu\/consumers\/odr<\/span> \u2013 Portal europeu para apresenta\u00e7\u00e3o de reclama\u00e7\u00f5es em linha.<\/p><\/li><li class=\"\" data-start=\"3903\" data-end=\"4108\"><p class=\"\" data-start=\"3905\" data-end=\"4108\"><strong data-start=\"3905\" data-end=\"3944\">Centro Europeu do Consumidor (CEC):<\/strong> <span data-start=\"3945\" data-end=\"3991\">cec.consumidor.pt<\/span> \u2013 Apoio em lit\u00edgios transfronteiri\u00e7os; Email: <span data-start=\"4038\" data-end=\"4066\">euroconsumo@dg.consumidor.pt<\/span>.<\/p><\/li><li class=\"\" data-start=\"4109\" data-end=\"4283\"><p class=\"\" data-start=\"4111\" data-end=\"4283\"><strong data-start=\"4111\" data-end=\"4129\">CICAP (Porto):<\/strong> Rua Dami\u00e3o de G\u00f3is, 31, Porto; Tel. +351 22 550 83 49 \/ +351 22 502 97 91; Email <span data-start=\"4211\" data-end=\"4225\">cicap@cicap.pt<\/span>; Site: cicap.pt.<\/p><\/li><li class=\"\" data-start=\"4284\" data-end=\"4496\"><p class=\"\" data-start=\"4286\" data-end=\"4496\"><strong data-start=\"4286\" data-end=\"4295\">CASA:<\/strong> Tel. +351 217 827 330 \/ +351 217 951 696; Email <span data-start=\"4344\" data-end=\"4378\">info@centroarbitragemsectorauto.pt<\/span>; Site: centroarbitragemsectorauto.pt.<\/p><\/li><\/ul><p class=\"\" data-start=\"4498\" data-end=\"5018\"><br \/>Em caso de lit\u00edgio, o consumidor deve primeiro contactar a Freerent para tentar uma solu\u00e7\u00e3o direta. Se necess\u00e1rio, pode depois recorrer aos mecanismos acima indicados de resolu\u00e7\u00e3o alternativa de lit\u00edgios. Note-se que estes mecanismos <strong data-start=\"4732\" data-end=\"4747\">n\u00e3o impedem<\/strong> o acesso dos consumidores aos tribunais judiciais caso queiram prosseguir a reclama\u00e7\u00e3o por via judicial. O recurso aos procedimentos extrajudiciais \u00e9 sempre volunt\u00e1rio e complementar, oferecendo uma via r\u00e1pida e gratuita para resolver conflitos de consumo com a empresa.<\/p><p class=\"\" data-start=\"5020\" data-end=\"5392\"><strong data-start=\"5020\" data-end=\"5031\">Fontes:<\/strong> Informa\u00e7\u00e3o baseada no disposto no art.\u00ba 18.\u00ba da Lei n.\u00ba 144\/2015, no Regulamento (UE) n.\u00ba 524\/2013, e em orienta\u00e7\u00f5es oficiais sobre resolu\u00e7\u00e3o de lit\u00edgios de consumo.<\/p><\/div>\n\t\t\t\t<\/div>\n\t\t\t\t\t\t\t\t<\/div>\n\t\t\t\t\t\t<\/div>\n\t\t\t\t<\/div>\n\t\t\t\t\t<\/div>\n\t\t<\/div>\n\t\t\t\t\t<\/div>\n\t\t<\/section>\n\t\t\t\t<\/div>","protected":false},"excerpt":{"rendered":"<p>Ao abrigo do art.\u00ba 18.\u00ba da Lei n.\u00ba 144\/2015, de 8 de setembro, a Freerent informa os consumidores sobre os mecanismos de resolu\u00e7\u00e3o alternativa de lit\u00edgios (RAL) aplic\u00e1veis aos contratos de aluguer de autom\u00f3veis. A RAL \u00e9 um meio extrajudicial para resolver conflitos de consumo, sendo normalmente mais r\u00e1pida, mais simples e menos dispendiosa do [&hellip;]<\/p>","protected":false},"author":1,"featured_media":0,"parent":0,"menu_order":0,"comment_status":"closed","ping_status":"closed","template":"templates\/elementor-page-template.php","meta":{"_acf_changed":false,"footnotes":""},"class_list":["post-5388","page","type-page","status-publish","hentry"],"acf":[],"yoast_head":"<!-- This site is optimized with the Yoast SEO plugin v26.4 - https:\/\/yoast.com\/wordpress\/plugins\/seo\/ -->\n<title>Resolu\u00e7\u00e3o de Lit\u00edgios - Freerent<\/title>\n<meta name=\"robots\" content=\"index, follow, max-snippet:-1, max-image-preview:large, max-video-preview:-1\" \/>\n<link rel=\"canonical\" href=\"https:\/\/freerent.pt\/fr\/resolucao-de-litigios\/\" \/>\n<meta property=\"og:locale\" content=\"fr_FR\" \/>\n<meta property=\"og:type\" content=\"article\" \/>\n<meta property=\"og:title\" content=\"Resolu\u00e7\u00e3o de Lit\u00edgios - Freerent\" \/>\n<meta property=\"og:description\" content=\"Ao abrigo do art.\u00ba 18.\u00ba da Lei n.\u00ba 144\/2015, de 8 de setembro, a Freerent informa os consumidores sobre os mecanismos de resolu\u00e7\u00e3o alternativa de lit\u00edgios (RAL) aplic\u00e1veis aos contratos de aluguer de autom\u00f3veis. A RAL \u00e9 um meio extrajudicial para resolver conflitos de consumo, sendo normalmente mais r\u00e1pida, mais simples e menos dispendiosa do [&hellip;]\" \/>\n<meta property=\"og:url\" content=\"https:\/\/freerent.pt\/fr\/resolucao-de-litigios\/\" \/>\n<meta property=\"og:site_name\" content=\"Freerent\" \/>\n<meta property=\"article:publisher\" content=\"https:\/\/www.facebook.com\/free.rent.pt\" \/>\n<meta property=\"article:modified_time\" content=\"2025-05-03T22:30:45+00:00\" \/>\n<meta name=\"twitter:card\" content=\"summary_large_image\" \/>\n<meta name=\"twitter:label1\" content=\"Dur\u00e9e de lecture estim\u00e9e\" \/>\n\t<meta name=\"twitter:data1\" content=\"3 minutes\" \/>\n<script type=\"application\/ld+json\" class=\"yoast-schema-graph\">{\"@context\":\"https:\/\/schema.org\",\"@graph\":[{\"@type\":\"WebPage\",\"@id\":\"https:\/\/freerent.pt\/resolucao-de-litigios\/\",\"url\":\"https:\/\/freerent.pt\/resolucao-de-litigios\/\",\"name\":\"Resolu\u00e7\u00e3o de Lit\u00edgios - Freerent\",\"isPartOf\":{\"@id\":\"https:\/\/freerent.pt\/#website\"},\"datePublished\":\"2025-05-03T15:44:59+00:00\",\"dateModified\":\"2025-05-03T22:30:45+00:00\",\"breadcrumb\":{\"@id\":\"https:\/\/freerent.pt\/resolucao-de-litigios\/#breadcrumb\"},\"inLanguage\":\"fr-FR\",\"potentialAction\":[{\"@type\":\"ReadAction\",\"target\":[\"https:\/\/freerent.pt\/resolucao-de-litigios\/\"]}]},{\"@type\":\"BreadcrumbList\",\"@id\":\"https:\/\/freerent.pt\/resolucao-de-litigios\/#breadcrumb\",\"itemListElement\":[{\"@type\":\"ListItem\",\"position\":1,\"name\":\"In\u00edcio\",\"item\":\"https:\/\/freerent.pt\/\"},{\"@type\":\"ListItem\",\"position\":2,\"name\":\"Resolu\u00e7\u00e3o de Lit\u00edgios\"}]},{\"@type\":\"WebSite\",\"@id\":\"https:\/\/freerent.pt\/#website\",\"url\":\"https:\/\/freerent.pt\/\",\"name\":\"Freerent - Reserve o carro ideal para a sua viagem (Aeroporto Porto e Ovar)\",\"description\":\"Aluguer de autom\u00f3veis\",\"publisher\":{\"@id\":\"https:\/\/freerent.pt\/#organization\"},\"potentialAction\":[{\"@type\":\"SearchAction\",\"target\":{\"@type\":\"EntryPoint\",\"urlTemplate\":\"https:\/\/freerent.pt\/?s={search_term_string}\"},\"query-input\":{\"@type\":\"PropertyValueSpecification\",\"valueRequired\":true,\"valueName\":\"search_term_string\"}}],\"inLanguage\":\"fr-FR\"},{\"@type\":\"Organization\",\"@id\":\"https:\/\/freerent.pt\/#organization\",\"name\":\"Freerent\",\"url\":\"https:\/\/freerent.pt\/\",\"logo\":{\"@type\":\"ImageObject\",\"inLanguage\":\"fr-FR\",\"@id\":\"https:\/\/freerent.pt\/#\/schema\/logo\/image\/\",\"url\":\"https:\/\/freerent.pt\/wp-content\/uploads\/cropped-free-rent-meta.jpg\",\"contentUrl\":\"https:\/\/freerent.pt\/wp-content\/uploads\/cropped-free-rent-meta.jpg\",\"width\":1200,\"height\":300,\"caption\":\"Freerent\"},\"image\":{\"@id\":\"https:\/\/freerent.pt\/#\/schema\/logo\/image\/\"},\"sameAs\":[\"https:\/\/www.facebook.com\/free.rent.pt\",\"https:\/\/www.instagram.com\/free.rent.pt\/\",\"https:\/\/pt.linkedin.com\/company\/drive-go-by-free-rent\"]}]}<\/script>\n<!-- \/ Yoast SEO plugin. -->","yoast_head_json":{"title":"Resolu\u00e7\u00e3o de Lit\u00edgios - Freerent","robots":{"index":"index","follow":"follow","max-snippet":"max-snippet:-1","max-image-preview":"max-image-preview:large","max-video-preview":"max-video-preview:-1"},"canonical":"https:\/\/freerent.pt\/fr\/resolucao-de-litigios\/","og_locale":"fr_FR","og_type":"article","og_title":"Resolu\u00e7\u00e3o de Lit\u00edgios - Freerent","og_description":"Ao abrigo do art.\u00ba 18.\u00ba da Lei n.\u00ba 144\/2015, de 8 de setembro, a Freerent informa os consumidores sobre os mecanismos de resolu\u00e7\u00e3o alternativa de lit\u00edgios (RAL) aplic\u00e1veis aos contratos de aluguer de autom\u00f3veis. A RAL \u00e9 um meio extrajudicial para resolver conflitos de consumo, sendo normalmente mais r\u00e1pida, mais simples e menos dispendiosa do [&hellip;]","og_url":"https:\/\/freerent.pt\/fr\/resolucao-de-litigios\/","og_site_name":"Freerent","article_publisher":"https:\/\/www.facebook.com\/free.rent.pt","article_modified_time":"2025-05-03T22:30:45+00:00","twitter_card":"summary_large_image","twitter_misc":{"Dur\u00e9e de lecture estim\u00e9e":"3 minutes"},"schema":{"@context":"https:\/\/schema.org","@graph":[{"@type":"WebPage","@id":"https:\/\/freerent.pt\/resolucao-de-litigios\/","url":"https:\/\/freerent.pt\/resolucao-de-litigios\/","name":"Resolu\u00e7\u00e3o de Lit\u00edgios - Freerent","isPartOf":{"@id":"https:\/\/freerent.pt\/#website"},"datePublished":"2025-05-03T15:44:59+00:00","dateModified":"2025-05-03T22:30:45+00:00","breadcrumb":{"@id":"https:\/\/freerent.pt\/resolucao-de-litigios\/#breadcrumb"},"inLanguage":"fr-FR","potentialAction":[{"@type":"ReadAction","target":["https:\/\/freerent.pt\/resolucao-de-litigios\/"]}]},{"@type":"BreadcrumbList","@id":"https:\/\/freerent.pt\/resolucao-de-litigios\/#breadcrumb","itemListElement":[{"@type":"ListItem","position":1,"name":"In\u00edcio","item":"https:\/\/freerent.pt\/"},{"@type":"ListItem","position":2,"name":"Resolu\u00e7\u00e3o de Lit\u00edgios"}]},{"@type":"WebSite","@id":"https:\/\/freerent.pt\/#website","url":"https:\/\/freerent.pt\/","name":"Freerent - R\u00e9servez la voiture id\u00e9ale pour votre voyage (A\u00e9roport de Porto et Ovar)","description":"Location de voitures","publisher":{"@id":"https:\/\/freerent.pt\/#organization"},"potentialAction":[{"@type":"SearchAction","target":{"@type":"EntryPoint","urlTemplate":"https:\/\/freerent.pt\/?s={search_term_string}"},"query-input":{"@type":"PropertyValueSpecification","valueRequired":true,"valueName":"search_term_string"}}],"inLanguage":"fr-FR"},{"@type":"Organization","@id":"https:\/\/freerent.pt\/#organization","name":"Location gratuite","url":"https:\/\/freerent.pt\/","logo":{"@type":"ImageObject","inLanguage":"fr-FR","@id":"https:\/\/freerent.pt\/#\/schema\/logo\/image\/","url":"https:\/\/freerent.pt\/wp-content\/uploads\/cropped-free-rent-meta.jpg","contentUrl":"https:\/\/freerent.pt\/wp-content\/uploads\/cropped-free-rent-meta.jpg","width":1200,"height":300,"caption":"Freerent"},"image":{"@id":"https:\/\/freerent.pt\/#\/schema\/logo\/image\/"},"sameAs":["https:\/\/www.facebook.com\/free.rent.pt","https:\/\/www.instagram.com\/free.rent.pt\/","https:\/\/pt.linkedin.com\/company\/drive-go-by-free-rent"]}]}},"_links":{"self":[{"href":"https:\/\/freerent.pt\/fr\/wp-json\/wp\/v2\/pages\/5388","targetHints":{"allow":["GET"]}}],"collection":[{"href":"https:\/\/freerent.pt\/fr\/wp-json\/wp\/v2\/pages"}],"about":[{"href":"https:\/\/freerent.pt\/fr\/wp-json\/wp\/v2\/types\/page"}],"author":[{"embeddable":true,"href":"https:\/\/freerent.pt\/fr\/wp-json\/wp\/v2\/users\/1"}],"replies":[{"embeddable":true,"href":"https:\/\/freerent.pt\/fr\/wp-json\/wp\/v2\/comments?post=5388"}],"version-history":[{"count":10,"href":"https:\/\/freerent.pt\/fr\/wp-json\/wp\/v2\/pages\/5388\/revisions"}],"predecessor-version":[{"id":5645,"href":"https:\/\/freerent.pt\/fr\/wp-json\/wp\/v2\/pages\/5388\/revisions\/5645"}],"wp:attachment":[{"href":"https:\/\/freerent.pt\/fr\/wp-json\/wp\/v2\/media?parent=5388"}],"curies":[{"name":"wp","href":"https:\/\/api.w.org\/{rel}","templated":true}]}}