{"id":3449,"date":"2023-12-29T10:11:26","date_gmt":"2023-12-29T10:11:26","guid":{"rendered":"https:\/\/dreamsrent-wp.dreamstechnologies.com\/?page_id=3449"},"modified":"2023-12-29T10:11:26","modified_gmt":"2023-12-29T10:11:26","slug":"se-connecter","status":"publish","type":"page","link":"https:\/\/freerent.pt\/fr\/se-connecter\/","title":{"rendered":"Se connecter"},"content":{"rendered":"","protected":false},"excerpt":{"rendered":"","protected":false},"author":1,"featured_media":0,"parent":0,"menu_order":0,"comment_status":"closed","ping_status":"closed","template":"templates\/login-form.php","meta":{"_acf_changed":false,"footnotes":""},"class_list":["post-3449","page","type-page","status-publish","hentry"],"acf":[],"yoast_head":"<!-- This site is optimized with the Yoast SEO plugin v26.4 - https:\/\/yoast.com\/wordpress\/plugins\/seo\/ -->\n<title>Login - Freerent<\/title>\n<meta name=\"robots\" content=\"index, follow, max-snippet:-1, max-image-preview:large, max-video-preview:-1\" \/>\n<link rel=\"canonical\" href=\"https:\/\/freerent.pt\/fr\/se-connecter\/\" \/>\n<meta property=\"og:locale\" content=\"fr_FR\" \/>\n<meta property=\"og:type\" content=\"article\" \/>\n<meta property=\"og:title\" content=\"Login - Freerent\" \/>\n<meta property=\"og:url\" content=\"https:\/\/freerent.pt\/fr\/se-connecter\/\" \/>\n<meta property=\"og:site_name\" content=\"Freerent\" \/>\n<meta property=\"article:publisher\" content=\"https:\/\/www.facebook.com\/free.rent.pt\" \/>\n<meta name=\"twitter:card\" content=\"summary_large_image\" \/>\n<script type=\"application\/ld+json\" class=\"yoast-schema-graph\">{\"@context\":\"https:\/\/schema.org\",\"@graph\":[{\"@type\":\"WebPage\",\"@id\":\"https:\/\/freerent.pt\/login\/\",\"url\":\"https:\/\/freerent.pt\/login\/\",\"name\":\"Login - Freerent\",\"isPartOf\":{\"@id\":\"https:\/\/freerent.pt\/#website\"},\"datePublished\":\"2023-12-29T10:11:26+00:00\",\"breadcrumb\":{\"@id\":\"https:\/\/freerent.pt\/login\/#breadcrumb\"},\"inLanguage\":\"fr-FR\",\"potentialAction\":[{\"@type\":\"ReadAction\",\"target\":[\"https:\/\/freerent.pt\/login\/\"]}]},{\"@type\":\"BreadcrumbList\",\"@id\":\"https:\/\/freerent.pt\/login\/#breadcrumb\",\"itemListElement\":[{\"@type\":\"ListItem\",\"position\":1,\"name\":\"In\u00edcio\",\"item\":\"https:\/\/freerent.pt\/\"},{\"@type\":\"ListItem\",\"position\":2,\"name\":\"Login\"}]},{\"@type\":\"WebSite\",\"@id\":\"https:\/\/freerent.pt\/#website\",\"url\":\"https:\/\/freerent.pt\/\",\"name\":\"Freerent - Reserve o carro ideal para a sua viagem (Aeroporto Porto e Ovar)\",\"description\":\"Aluguer de autom\u00f3veis\",\"publisher\":{\"@id\":\"https:\/\/freerent.pt\/#organization\"},\"potentialAction\":[{\"@type\":\"SearchAction\",\"target\":{\"@type\":\"EntryPoint\",\"urlTemplate\":\"https:\/\/freerent.pt\/?s={search_term_string}\"},\"query-input\":{\"@type\":\"PropertyValueSpecification\",\"valueRequired\":true,\"valueName\":\"search_term_string\"}}],\"inLanguage\":\"fr-FR\"},{\"@type\":\"Organization\",\"@id\":\"https:\/\/freerent.pt\/#organization\",\"name\":\"Freerent\",\"url\":\"https:\/\/freerent.pt\/\",\"logo\":{\"@type\":\"ImageObject\",\"inLanguage\":\"fr-FR\",\"@id\":\"https:\/\/freerent.pt\/#\/schema\/logo\/image\/\",\"url\":\"https:\/\/freerent.pt\/wp-content\/uploads\/cropped-free-rent-meta.jpg\",\"contentUrl\":\"https:\/\/freerent.pt\/wp-content\/uploads\/cropped-free-rent-meta.jpg\",\"width\":1200,\"height\":300,\"caption\":\"Freerent\"},\"image\":{\"@id\":\"https:\/\/freerent.pt\/#\/schema\/logo\/image\/\"},\"sameAs\":[\"https:\/\/www.facebook.com\/free.rent.pt\",\"https:\/\/www.instagram.com\/free.rent.pt\/\",\"https:\/\/pt.linkedin.com\/company\/drive-go-by-free-rent\"]}]}<\/script>\n<!-- \/ Yoast SEO plugin. -->","yoast_head_json":{"title":"Connexion - Freerent","robots":{"index":"index","follow":"follow","max-snippet":"max-snippet:-1","max-image-preview":"max-image-preview:large","max-video-preview":"max-video-preview:-1"},"canonical":"https:\/\/freerent.pt\/fr\/se-connecter\/","og_locale":"fr_FR","og_type":"article","og_title":"Login - Freerent","og_url":"https:\/\/freerent.pt\/fr\/se-connecter\/","og_site_name":"Freerent","article_publisher":"https:\/\/www.facebook.com\/free.rent.pt","twitter_card":"summary_large_image","schema":{"@context":"https:\/\/schema.org","@graph":[{"@type":"WebPage","@id":"https:\/\/freerent.pt\/login\/","url":"https:\/\/freerent.pt\/login\/","name":"Connexion - Freerent","isPartOf":{"@id":"https:\/\/freerent.pt\/#website"},"datePublished":"2023-12-29T10:11:26+00:00","breadcrumb":{"@id":"https:\/\/freerent.pt\/login\/#breadcrumb"},"inLanguage":"fr-FR","potentialAction":[{"@type":"ReadAction","target":["https:\/\/freerent.pt\/login\/"]}]},{"@type":"BreadcrumbList","@id":"https:\/\/freerent.pt\/login\/#breadcrumb","itemListElement":[{"@type":"ListItem","position":1,"name":"In\u00edcio","item":"https:\/\/freerent.pt\/"},{"@type":"ListItem","position":2,"name":"Login"}]},{"@type":"WebSite","@id":"https:\/\/freerent.pt\/#website","url":"https:\/\/freerent.pt\/","name":"Freerent - R\u00e9servez la voiture id\u00e9ale pour votre voyage (A\u00e9roport de Porto et Ovar)","description":"Location de voitures","publisher":{"@id":"https:\/\/freerent.pt\/#organization"},"potentialAction":[{"@type":"SearchAction","target":{"@type":"EntryPoint","urlTemplate":"https:\/\/freerent.pt\/?s={search_term_string}"},"query-input":{"@type":"PropertyValueSpecification","valueRequired":true,"valueName":"search_term_string"}}],"inLanguage":"fr-FR"},{"@type":"Organization","@id":"https:\/\/freerent.pt\/#organization","name":"Location gratuite","url":"https:\/\/freerent.pt\/","logo":{"@type":"ImageObject","inLanguage":"fr-FR","@id":"https:\/\/freerent.pt\/#\/schema\/logo\/image\/","url":"https:\/\/freerent.pt\/wp-content\/uploads\/cropped-free-rent-meta.jpg","contentUrl":"https:\/\/freerent.pt\/wp-content\/uploads\/cropped-free-rent-meta.jpg","width":1200,"height":300,"caption":"Freerent"},"image":{"@id":"https:\/\/freerent.pt\/#\/schema\/logo\/image\/"},"sameAs":["https:\/\/www.facebook.com\/free.rent.pt","https:\/\/www.instagram.com\/free.rent.pt\/","https:\/\/pt.linkedin.com\/company\/drive-go-by-free-rent"]}]}},"_links":{"self":[{"href":"https:\/\/freerent.pt\/fr\/wp-json\/wp\/v2\/pages\/3449","targetHints":{"allow":["GET"]}}],"collection":[{"href":"https:\/\/freerent.pt\/fr\/wp-json\/wp\/v2\/pages"}],"about":[{"href":"https:\/\/freerent.pt\/fr\/wp-json\/wp\/v2\/types\/page"}],"author":[{"embeddable":true,"href":"https:\/\/freerent.pt\/fr\/wp-json\/wp\/v2\/users\/1"}],"replies":[{"embeddable":true,"href":"https:\/\/freerent.pt\/fr\/wp-json\/wp\/v2\/comments?post=3449"}],"version-history":[{"count":0,"href":"https:\/\/freerent.pt\/fr\/wp-json\/wp\/v2\/pages\/3449\/revisions"}],"wp:attachment":[{"href":"https:\/\/freerent.pt\/fr\/wp-json\/wp\/v2\/media?parent=3449"}],"curies":[{"name":"wp","href":"https:\/\/api.w.org\/{rel}","templated":true}]}}